{"id":186,"date":"2025-01-07T12:34:18","date_gmt":"2025-01-07T12:34:18","guid":{"rendered":"https:\/\/www.hannajamsa.fi\/?page_id=186"},"modified":"2025-12-16T16:09:27","modified_gmt":"2025-12-16T16:09:27","slug":"aluevaalit-2025","status":"publish","type":"page","link":"https:\/\/www.hannajamsa.fi\/?page_id=186","title":{"rendered":"Aluevaalit 2025"},"content":{"rendered":"\n<p>Aluevaalit ja kuntavaalit j\u00e4rjestet\u00e4\u00e4n samanaikaisesti sunnuntaina 13.4.2025. \u00c4\u00e4nest\u00e4m\u00e4ll\u00e4 vaikutat siihen, ketk\u00e4 p\u00e4\u00e4tt\u00e4v\u00e4t t\u00e4rkeist\u00e4, jokaisen arkea koskevista asioista seuraavat nelj\u00e4 vuotta.<\/p>\n\n\n\n<p>Aluevaaleissa valitaan valtuutetut aluevaltuustoihin. Keski-Suomessa valitaan 69 aluevaltuutettua p\u00e4\u00e4tt\u00e4m\u00e4\u00e4n siit\u00e4, miten me keskisuomalaiset saamme sosiaali-, terveys- ja pelastustoimen palveluita alueellamme. Aluevaltuutetut&nbsp;p\u00e4\u00e4tt\u00e4v\u00e4t muun muassa hyvinvointialuestrategiasta, hyvinvointialueen hallintos\u00e4\u00e4nn\u00f6st\u00e4 sek\u00e4 hyvinvointialueen talousarviosta.&nbsp;<\/p>\n\n\n\n<p>Olen ehdolla tulevan kev\u00e4\u00e4n aluevaaleissa, koska haluan olla mukana rakentamassa tulevaisuuden Keski-Suomea, jossa hyv\u00e4 el\u00e4m\u00e4 mahdollistuu kaikille &#8211; luonnollisesti.<\/p>\n\n\n\n<p>Taustani vuoksi omaan kokemusta ja n\u00e4kemyst\u00e4 niin sosiaali- kuin terveyspalveluista. Olen el\u00e4nyt lapsuuden perheess\u00e4 vammaisen lapsen siskona ja n\u00e4hnyt moninaiset haasteet, joita vammaisuus tuo. Ei ole itsest\u00e4\u00e4n selv\u00e4\u00e4, ett\u00e4 lakis\u00e4\u00e4teiset vammaispalvelut j\u00e4rjestyisi muitta mutkitta.<\/p>\n\n\n\n<p>Olen alkuper\u00e4iselt\u00e4 koulutukseltani fysioterapeutti ja erikoistunut neurologiseen fysioterapiaan. Ty\u00f6skentelin kymmenen vuoden ajan vaativan l\u00e4\u00e4kinn\u00e4llisen kuntoutuksen parissa vaikeavammaisten ihmisten terapeuttina ja sama kokemus n\u00e4ytt\u00e4ytyi tuolloin kuin lapsuuden perheess\u00e4ni eli monet vammaiset joutuvat taistelemaan sosiaalietuuksien vuoksi, jotka heille kuuluisi niin lain kuin ihmisoikeuksienkin puitteissa.<\/p>\n\n\n\n<p>My\u00f6hemmin kouluttauduin lis\u00e4\u00e4 ja tein ylemm\u00e4n ammattikorkeakoulututkinnon terveyden edist\u00e4misest\u00e4 ja olen tuon j\u00e4lkeen ty\u00f6skennellyt useita vuosia kuntoutuksen ja asiakaspalvelun kehitt\u00e4misen, koordinoinnin sek\u00e4 esihenkil\u00f6ty\u00f6n parissa.<\/p>\n\n\n\n<p>Katselen kohti tulevaisuuden Keski-Suomea, jossa:<\/p>\n\n\n\n<ul class=\"wp-block-list\">\n<li>Kaikilla on oltava mahdollisuus sosiaali- ja terveyspalveluihin oikea-aikaisesti.<\/li>\n<\/ul>\n\n\n\n<ul class=\"wp-block-list\">\n<li>Lasten, nuorten ja perheiden hyvinvoinnista pidet\u00e4\u00e4n huolta.<\/li>\n<\/ul>\n\n\n\n<ul class=\"wp-block-list\">\n<li>ik\u00e4\u00e4ntyneille ja vammaisille turvataan hyv\u00e4 el\u00e4m\u00e4nlaatu.<\/li>\n<\/ul>\n\n\n\n<ul class=\"wp-block-list\">\n<li>Sote-alan ty\u00f6hyvinvointi on keski\u00f6ss\u00e4.<\/li>\n<\/ul>\n\n\n\n<p>Haluan olla mukana rakentamassa tulevaisuuden Keski-Suomea, jossa arki ratkaisee. Ihan jokaisella on taustasta riippumatta oikeus inhimilliseen ja ihmisarvoiseen arkeen ja el\u00e4m\u00e4\u00e4n.<\/p>\n\n\n\n<p><\/p>\n\n\n\n<p><\/p>\n\n\n\n<div class=\"wp-block-group alignfull has-montserrat-font-family has-large-font-size is-vertical is-content-justification-center is-nowrap is-layout-flex wp-container-core-group-is-layout-1 wp-block-group-is-layout-flex\" style=\"min-height:1vh;margin-top:var(--wp--preset--spacing--10);margin-bottom:var(--wp--preset--spacing--10);padding-top:var(--wp--preset--spacing--10);padding-right:var(--wp--preset--spacing--10);padding-bottom:var(--wp--preset--spacing--10);padding-left:var(--wp--preset--spacing--10)\">\n<figure class=\"wp-block-image aligncenter size-large is-resized wp-duotone-duotone-5\"><a href=\"https:\/\/www.vihreat.fi\/\"><img loading=\"lazy\" decoding=\"async\" width=\"1024\" height=\"320\" src=\"http:\/\/www.hannajamsa.fi\/wp-content\/uploads\/2024\/12\/Vihreat_Logo_HOR_RGB_FIN_SWE_ENG-1024x320.png\" alt=\"\" class=\"wp-image-156\" style=\"width:269px;height:auto\" srcset=\"https:\/\/www.hannajamsa.fi\/wp-content\/uploads\/2024\/12\/Vihreat_Logo_HOR_RGB_FIN_SWE_ENG-1024x320.png 1024w, https:\/\/www.hannajamsa.fi\/wp-content\/uploads\/2024\/12\/Vihreat_Logo_HOR_RGB_FIN_SWE_ENG-300x94.png 300w, https:\/\/www.hannajamsa.fi\/wp-content\/uploads\/2024\/12\/Vihreat_Logo_HOR_RGB_FIN_SWE_ENG-768x240.png 768w, https:\/\/www.hannajamsa.fi\/wp-content\/uploads\/2024\/12\/Vihreat_Logo_HOR_RGB_FIN_SWE_ENG.png 1312w\" sizes=\"auto, (max-width: 1024px) 100vw, 1024px\" \/><\/a><\/figure>\n\n\n\n<p class=\"has-text-align-center has-medium-font-size\"><em>Kuvat: Jenni Kirkkom\u00e4ki. Visuaalinen ilme ja toteutus Hanna J\u00e4ms\u00e4<\/em><\/p>\n<\/div>\n\n\n\n<div class=\"wp-block-buttons has-custom-vihre-background-color has-background is-content-justification-center is-layout-flex wp-container-core-buttons-is-layout-1 wp-block-buttons-is-layout-flex\">\n<div class=\"wp-block-button has-montserrat-font-family\"><a class=\"wp-block-button__link has-contrast-color has-accent-background-color has-text-color has-background has-link-color wp-element-button\" href=\"https:\/\/www.hannajamsa.fi\/?page_id=180\u2197\">Kuka Hanna?<\/a><\/div>\n\n\n\n<div class=\"wp-block-button has-montserrat-font-family\"><a class=\"wp-block-button__link has-contrast-color has-accent-background-color has-text-color has-background has-link-color wp-element-button\" href=\"https:\/\/www.hannajamsa.fi\/?page_id=132\">Kirjoituksia<\/a><\/div>\n\n\n\n<div class=\"wp-block-button has-montserrat-font-family\"><a class=\"wp-block-button__link has-contrast-color has-accent-background-color has-text-color has-background has-link-color wp-element-button\" href=\"https:\/\/www.hannajamsa.fi\/?page_id=186\">Aluevaalit<\/a><\/div>\n\n\n\n<div class=\"wp-block-button has-montserrat-font-family\"><a class=\"wp-block-button__link has-contrast-color has-accent-background-color has-text-color has-background has-link-color wp-element-button\" href=\"https:\/\/www.hannajamsa.fi\/?page_id=183\">Kuntavaalit<\/a><\/div>\n\n\n\n<div class=\"wp-block-button has-montserrat-font-family\"><a class=\"wp-block-button__link has-contrast-color has-accent-background-color has-text-color has-background has-link-color wp-element-button\" href=\"https:\/\/www.hannajamsa.fi\/?page_id=455\">Sitoumukset 2025<\/a><\/div>\n\n\n\n<div class=\"wp-block-button has-montserrat-font-family\"><a class=\"wp-block-button__link has-contrast-color has-accent-background-color has-text-color has-background has-link-color wp-element-button\" href=\"https:\/\/www.hannajamsa.fi\/?page_id=177\">Tue kampanjaa<\/a><\/div>\n\n\n\n<div class=\"wp-block-button has-montserrat-font-family\"><a class=\"wp-block-button__link has-contrast-color has-accent-background-color has-text-color has-background has-link-color wp-element-button\" href=\"https:\/\/www.hannajamsa.fi\/?page_id=413\">In English<\/a><\/div>\n<\/div>\n\n\n\n<ul class=\"wp-block-social-links has-normal-icon-size has-icon-color is-style-logos-only is-content-justification-center is-layout-flex wp-container-core-social-links-is-layout-1 wp-block-social-links-is-layout-flex\" style=\"margin-top:var(--wp--preset--spacing--10);margin-right:var(--wp--preset--spacing--10);margin-bottom:var(--wp--preset--spacing--10);margin-left:var(--wp--preset--spacing--10)\"><li style=\"color: #fabebe; \" class=\"wp-social-link wp-social-link-instagram has-custom-pinkki-color wp-block-social-link\"><a href=\"https:\/\/www.instagram.com\/hanna_vihrea\/\" class=\"wp-block-social-link-anchor\"><svg width=\"24\" height=\"24\" viewBox=\"0 0 24 24\" version=\"1.1\" xmlns=\"http:\/\/www.w3.org\/2000\/svg\" aria-hidden=\"true\" focusable=\"false\"><path d=\"M12,4.622c2.403,0,2.688,0.009,3.637,0.052c0.877,0.04,1.354,0.187,1.671,0.31c0.42,0.163,0.72,0.358,1.035,0.673 c0.315,0.315,0.51,0.615,0.673,1.035c0.123,0.317,0.27,0.794,0.31,1.671c0.043,0.949,0.052,1.234,0.052,3.637 s-0.009,2.688-0.052,3.637c-0.04,0.877-0.187,1.354-0.31,1.671c-0.163,0.42-0.358,0.72-0.673,1.035 c-0.315,0.315-0.615,0.51-1.035,0.673c-0.317,0.123-0.794,0.27-1.671,0.31c-0.949,0.043-1.233,0.052-3.637,0.052 s-2.688-0.009-3.637-0.052c-0.877-0.04-1.354-0.187-1.671-0.31c-0.42-0.163-0.72-0.358-1.035-0.673 c-0.315-0.315-0.51-0.615-0.673-1.035c-0.123-0.317-0.27-0.794-0.31-1.671C4.631,14.688,4.622,14.403,4.622,12 s0.009-2.688,0.052-3.637c0.04-0.877,0.187-1.354,0.31-1.671c0.163-0.42,0.358-0.72,0.673-1.035 c0.315-0.315,0.615-0.51,1.035-0.673c0.317-0.123,0.794-0.27,1.671-0.31C9.312,4.631,9.597,4.622,12,4.622 M12,3 C9.556,3,9.249,3.01,8.289,3.054C7.331,3.098,6.677,3.25,6.105,3.472C5.513,3.702,5.011,4.01,4.511,4.511 c-0.5,0.5-0.808,1.002-1.038,1.594C3.25,6.677,3.098,7.331,3.054,8.289C3.01,9.249,3,9.556,3,12c0,2.444,0.01,2.751,0.054,3.711 c0.044,0.958,0.196,1.612,0.418,2.185c0.23,0.592,0.538,1.094,1.038,1.594c0.5,0.5,1.002,0.808,1.594,1.038 c0.572,0.222,1.227,0.375,2.185,0.418C9.249,20.99,9.556,21,12,21s2.751-0.01,3.711-0.054c0.958-0.044,1.612-0.196,2.185-0.418 c0.592-0.23,1.094-0.538,1.594-1.038c0.5-0.5,0.808-1.002,1.038-1.594c0.222-0.572,0.375-1.227,0.418-2.185 C20.99,14.751,21,14.444,21,12s-0.01-2.751-0.054-3.711c-0.044-0.958-0.196-1.612-0.418-2.185c-0.23-0.592-0.538-1.094-1.038-1.594 c-0.5-0.5-1.002-0.808-1.594-1.038c-0.572-0.222-1.227-0.375-2.185-0.418C14.751,3.01,14.444,3,12,3L12,3z M12,7.378 c-2.552,0-4.622,2.069-4.622,4.622S9.448,16.622,12,16.622s4.622-2.069,4.622-4.622S14.552,7.378,12,7.378z M12,15 c-1.657,0-3-1.343-3-3s1.343-3,3-3s3,1.343,3,3S13.657,15,12,15z M16.804,6.116c-0.596,0-1.08,0.484-1.08,1.08 s0.484,1.08,1.08,1.08c0.596,0,1.08-0.484,1.08-1.08S17.401,6.116,16.804,6.116z\"><\/path><\/svg><span class=\"wp-block-social-link-label screen-reader-text\">Instagram<\/span><\/a><\/li>\n\n<li style=\"color: #fabebe; \" class=\"wp-social-link wp-social-link-facebook has-custom-pinkki-color wp-block-social-link\"><a href=\"https:\/\/www.facebook.com\/hannavihrea\/?locale=fi_FI\" class=\"wp-block-social-link-anchor\"><svg width=\"24\" height=\"24\" viewBox=\"0 0 24 24\" version=\"1.1\" xmlns=\"http:\/\/www.w3.org\/2000\/svg\" aria-hidden=\"true\" focusable=\"false\"><path d=\"M12 2C6.5 2 2 6.5 2 12c0 5 3.7 9.1 8.4 9.9v-7H7.9V12h2.5V9.8c0-2.5 1.5-3.9 3.8-3.9 1.1 0 2.2.2 2.2.2v2.5h-1.3c-1.2 0-1.6.8-1.6 1.6V12h2.8l-.4 2.9h-2.3v7C18.3 21.1 22 17 22 12c0-5.5-4.5-10-10-10z\"><\/path><\/svg><span class=\"wp-block-social-link-label screen-reader-text\">Facebook<\/span><\/a><\/li>\n\n<li style=\"color: #fabebe; \" class=\"wp-social-link wp-social-link-linkedin has-custom-pinkki-color wp-block-social-link\"><a href=\"https:\/\/www.linkedin.com\/in\/hanna-j\u00e4ms\u00e4-144a6247\/\" class=\"wp-block-social-link-anchor\"><svg width=\"24\" height=\"24\" viewBox=\"0 0 24 24\" version=\"1.1\" xmlns=\"http:\/\/www.w3.org\/2000\/svg\" aria-hidden=\"true\" focusable=\"false\"><path d=\"M19.7,3H4.3C3.582,3,3,3.582,3,4.3v15.4C3,20.418,3.582,21,4.3,21h15.4c0.718,0,1.3-0.582,1.3-1.3V4.3 C21,3.582,20.418,3,19.7,3z M8.339,18.338H5.667v-8.59h2.672V18.338z M7.004,8.574c-0.857,0-1.549-0.694-1.549-1.548 c0-0.855,0.691-1.548,1.549-1.548c0.854,0,1.547,0.694,1.547,1.548C8.551,7.881,7.858,8.574,7.004,8.574z M18.339,18.338h-2.669 v-4.177c0-0.996-0.017-2.278-1.387-2.278c-1.389,0-1.601,1.086-1.601,2.206v4.249h-2.667v-8.59h2.559v1.174h0.037 c0.356-0.675,1.227-1.387,2.526-1.387c2.703,0,3.203,1.779,3.203,4.092V18.338z\"><\/path><\/svg><span class=\"wp-block-social-link-label screen-reader-text\">LinkedIn<\/span><\/a><\/li><\/ul>\n","protected":false},"excerpt":{"rendered":"<p>Aluevaalit ja kuntavaalit j\u00e4rjestet\u00e4\u00e4n samanaikaisesti sunnuntaina 13.4.2025. \u00c4\u00e4nest\u00e4m\u00e4ll\u00e4 vaikutat siihen, ketk\u00e4 p\u00e4\u00e4tt\u00e4v\u00e4t t\u00e4rkeist\u00e4, jokaisen arkea koskevista asioista seuraavat nelj\u00e4 vuotta. Aluevaaleissa valitaan valtuutetut aluevaltuustoihin. Keski-Suomessa valitaan 69 aluevaltuutettua p\u00e4\u00e4tt\u00e4m\u00e4\u00e4n siit\u00e4, miten me keskisuomalaiset saamme sosiaali-, terveys- ja pelastustoimen palveluita alueellamme. Aluevaltuutetut&nbsp;p\u00e4\u00e4tt\u00e4v\u00e4t muun muassa hyvinvointialuestrategiasta, hyvinvointialueen hallintos\u00e4\u00e4nn\u00f6st\u00e4 sek\u00e4 hyvinvointialueen talousarviosta.&nbsp; Olen ehdolla tulevan kev\u00e4\u00e4n aluevaaleissa, koska [&hellip;]<\/p>\n","protected":false},"author":1,"featured_media":0,"parent":0,"menu_order":0,"comment_status":"closed","ping_status":"closed","template":"","meta":{"footnotes":""},"class_list":["post-186","page","type-page","status-publish","hentry"],"_links":{"self":[{"href":"https:\/\/www.hannajamsa.fi\/index.php?rest_route=\/wp\/v2\/pages\/186","targetHints":{"allow":["GET"]}}],"collection":[{"href":"https:\/\/www.hannajamsa.fi\/index.php?rest_route=\/wp\/v2\/pages"}],"about":[{"href":"https:\/\/www.hannajamsa.fi\/index.php?rest_route=\/wp\/v2\/types\/page"}],"author":[{"embeddable":true,"href":"https:\/\/www.hannajamsa.fi\/index.php?rest_route=\/wp\/v2\/users\/1"}],"replies":[{"embeddable":true,"href":"https:\/\/www.hannajamsa.fi\/index.php?rest_route=%2Fwp%2Fv2%2Fcomments&post=186"}],"version-history":[{"count":12,"href":"https:\/\/www.hannajamsa.fi\/index.php?rest_route=\/wp\/v2\/pages\/186\/revisions"}],"predecessor-version":[{"id":525,"href":"https:\/\/www.hannajamsa.fi\/index.php?rest_route=\/wp\/v2\/pages\/186\/revisions\/525"}],"wp:attachment":[{"href":"https:\/\/www.hannajamsa.fi\/index.php?rest_route=%2Fwp%2Fv2%2Fmedia&parent=186"}],"curies":[{"name":"wp","href":"https:\/\/api.w.org\/{rel}","templated":true}]}}